{"id":3876,"date":"2023-07-27T16:51:46","date_gmt":"2023-07-27T16:51:46","guid":{"rendered":"https:\/\/www.shirasgaleria.es\/tienda\/?post_type=product&#038;p=3876"},"modified":"2025-11-28T10:31:48","modified_gmt":"2025-11-28T10:31:48","slug":"yugen-3","status":"publish","type":"product","link":"https:\/\/www.shirasgaleria.es\/tienda\/comprar\/carolina-valls\/yugen-3\/","title":{"rendered":"Geometr\u00eda org\u00e1nica II"},"content":{"rendered":"","protected":false},"excerpt":{"rendered":"<p>Geometr\u00eda org\u00e1nica II, 2024<\/p>\n<p>Acr\u00edlico sobre tela<\/p>\n<p>60 x 60 cm<\/p>\n<p>&nbsp;<\/p>\n","protected":false},"featured_media":4562,"template":"","meta":{"_acf_changed":false},"product_brand":[],"product_cat":[82],"product_tag":[145,107,120,92,90],"class_list":{"0":"post-3876","1":"product","2":"type-product","3":"status-publish","4":"has-post-thumbnail","6":"product_cat-carolina-valls","7":"product_tag-abstraccion","8":"product_tag-acrilico","9":"product_tag-obra-original","10":"product_tag-pieza-unica","11":"product_tag-pintura","13":"first","14":"instock","15":"shipping-taxable","16":"purchasable","17":"product-type-simple"},"acf":[],"_links":{"self":[{"href":"https:\/\/www.shirasgaleria.es\/tienda\/wp-json\/wp\/v2\/product\/3876","targetHints":{"allow":["GET"]}}],"collection":[{"href":"https:\/\/www.shirasgaleria.es\/tienda\/wp-json\/wp\/v2\/product"}],"about":[{"href":"https:\/\/www.shirasgaleria.es\/tienda\/wp-json\/wp\/v2\/types\/product"}],"wp:featuredmedia":[{"embeddable":true,"href":"https:\/\/www.shirasgaleria.es\/tienda\/wp-json\/wp\/v2\/media\/4562"}],"wp:attachment":[{"href":"https:\/\/www.shirasgaleria.es\/tienda\/wp-json\/wp\/v2\/media?parent=3876"}],"wp:term":[{"taxonomy":"product_brand","embeddable":true,"href":"https:\/\/www.shirasgaleria.es\/tienda\/wp-json\/wp\/v2\/product_brand?post=3876"},{"taxonomy":"product_cat","embeddable":true,"href":"https:\/\/www.shirasgaleria.es\/tienda\/wp-json\/wp\/v2\/product_cat?post=3876"},{"taxonomy":"product_tag","embeddable":true,"href":"https:\/\/www.shirasgaleria.es\/tienda\/wp-json\/wp\/v2\/product_tag?post=3876"}],"curies":[{"name":"wp","href":"https:\/\/api.w.org\/{rel}","templated":true}]}}