{"id":3824,"date":"2023-04-11T16:50:55","date_gmt":"2023-04-11T16:50:55","guid":{"rendered":"https:\/\/www.shirasgaleria.es\/tienda\/?post_type=product&#038;p=3824"},"modified":"2024-04-29T11:15:27","modified_gmt":"2024-04-29T11:15:27","slug":"tallando-el-animo","status":"publish","type":"product","link":"https:\/\/www.shirasgaleria.es\/tienda\/comprar\/fernando-machado\/tallando-el-animo\/","title":{"rendered":"Tallando el \u00e1nimo"},"content":{"rendered":"","protected":false},"excerpt":{"rendered":"<p>T\u00e9cnica mixta sobre cart\u00f3n<\/p>\n<p>Realizada en 2021<\/p>\n<p>Medidas: 105 x 75 cm<\/p>\n<p>Obra cat\u00e1logada perteneciente al proyecto \u00abMundos flotantes\u00bb.<\/p>\n","protected":false},"featured_media":3841,"template":"","meta":{"_acf_changed":false},"product_brand":[],"product_cat":[151],"product_tag":[145,107,120,111,90],"class_list":{"0":"post-3824","1":"product","2":"type-product","3":"status-publish","4":"has-post-thumbnail","6":"product_cat-fernando-machado","7":"product_tag-abstraccion","8":"product_tag-acrilico","9":"product_tag-obra-original","10":"product_tag-papel","11":"product_tag-pintura","13":"first","14":"instock","15":"shipping-taxable","16":"purchasable","17":"product-type-simple"},"acf":[],"_links":{"self":[{"href":"https:\/\/www.shirasgaleria.es\/tienda\/wp-json\/wp\/v2\/product\/3824","targetHints":{"allow":["GET"]}}],"collection":[{"href":"https:\/\/www.shirasgaleria.es\/tienda\/wp-json\/wp\/v2\/product"}],"about":[{"href":"https:\/\/www.shirasgaleria.es\/tienda\/wp-json\/wp\/v2\/types\/product"}],"wp:featuredmedia":[{"embeddable":true,"href":"https:\/\/www.shirasgaleria.es\/tienda\/wp-json\/wp\/v2\/media\/3841"}],"wp:attachment":[{"href":"https:\/\/www.shirasgaleria.es\/tienda\/wp-json\/wp\/v2\/media?parent=3824"}],"wp:term":[{"taxonomy":"product_brand","embeddable":true,"href":"https:\/\/www.shirasgaleria.es\/tienda\/wp-json\/wp\/v2\/product_brand?post=3824"},{"taxonomy":"product_cat","embeddable":true,"href":"https:\/\/www.shirasgaleria.es\/tienda\/wp-json\/wp\/v2\/product_cat?post=3824"},{"taxonomy":"product_tag","embeddable":true,"href":"https:\/\/www.shirasgaleria.es\/tienda\/wp-json\/wp\/v2\/product_tag?post=3824"}],"curies":[{"name":"wp","href":"https:\/\/api.w.org\/{rel}","templated":true}]}}