{"id":731,"date":"2020-02-07T19:13:54","date_gmt":"2020-02-07T19:13:54","guid":{"rendered":"https:\/\/www.shirasgaleria.es\/tienda\/?page_id=731"},"modified":"2020-12-23T19:02:11","modified_gmt":"2020-12-23T19:02:11","slug":"artistas","status":"publish","type":"page","link":"https:\/\/www.shirasgaleria.es\/tienda\/","title":{"rendered":"Shiras Galer\u00eda | Tienda online | Comprar arte nunca ha sido tan f\u00e1cil."},"content":{"rendered":"<p>[vc_row content_placement=\u00bbmiddle\u00bb el_class=\u00bbhome-carousel\u00bb css=\u00bb.vc_custom_1608746938054{margin-bottom: 50px !important;padding-right: 0px !important;padding-left: 0px !important;}\u00bb][vc_column css=\u00bb.vc_custom_1606604644803{padding-right: 0px !important;padding-left: 0px !important;}\u00bb][vc_column_text css=\u00bb.vc_custom_1608748726929{margin-right: 0px !important;margin-bottom: 50px !important;margin-left: 0px !important;padding-right: 0px !important;padding-left: 0px !important;}\u00bb]<\/p>\n<h1 style=\"text-align: center;\"><strong>Descubra el universo creativo de nuestros artistas<\/strong><\/h1>\n<p style=\"text-align: center; font-size: 18px !important; margin-top: 15px;\">Explore nuestra galer\u00eda virtual y conozca nuestra selecci\u00f3n de artistas consagrados y artistas emergentes de alta proyecci\u00f3n. Disponibles piezas \u00fanicas y series limitadas.<\/p>\n<p>[\/vc_column_text][\/vc_column][\/vc_row][vc_row][vc_column][vc_raw_html]JTNDZGl2JTIwc3R5bGUlM0QlMjJtYXgtd2lkdGglM0ExMjAwcHglM0IlMjBtYXJnaW4lM0FhdXRvJTNCZGlzcGxheSUzQWJsb2NrJTIyJTNFJTVCd3Bvc19wcm9kdWN0X2NhdGVnb3JpZXMlNUQlM0MlMkZkaXYlM0U=[\/vc_raw_html][\/vc_column][\/vc_row]<\/p>\n","protected":false},"excerpt":{"rendered":"<p>[vc_row content_placement=\u00bbmiddle\u00bb el_class=\u00bbhome-carousel\u00bb css=\u00bb.vc_custom_1608746938054{margin-bottom: 50px !important;padding-right: 0px !important;padding-left: 0px !important;}\u00bb][vc_column css=\u00bb.vc_custom_1606604644803{padding-right: 0px !important;padding-left: 0px !important;}\u00bb][vc_column_text css=\u00bb.vc_custom_1608748726929{margin-right: 0px !important;margin-bottom: 50px !important;margin-left: 0px !important;padding-right: 0px !important;padding-left: 0px !important;}\u00bb] Descubra el universo creativo de nuestros artistas Explore nuestra galer\u00eda virtual y conozca nuestra selecci\u00f3n de artistas consagrados y artistas emergentes de alta proyecci\u00f3n. Disponibles piezas \u00fanicas y series [&hellip;]<\/p>\n","protected":false},"author":2,"featured_media":0,"parent":0,"menu_order":0,"comment_status":"closed","ping_status":"closed","template":"","meta":{"_acf_changed":false,"footnotes":""},"class_list":["post-731","page","type-page","status-publish","hentry"],"acf":[],"_links":{"self":[{"href":"https:\/\/www.shirasgaleria.es\/tienda\/wp-json\/wp\/v2\/pages\/731","targetHints":{"allow":["GET"]}}],"collection":[{"href":"https:\/\/www.shirasgaleria.es\/tienda\/wp-json\/wp\/v2\/pages"}],"about":[{"href":"https:\/\/www.shirasgaleria.es\/tienda\/wp-json\/wp\/v2\/types\/page"}],"author":[{"embeddable":true,"href":"https:\/\/www.shirasgaleria.es\/tienda\/wp-json\/wp\/v2\/users\/2"}],"replies":[{"embeddable":true,"href":"https:\/\/www.shirasgaleria.es\/tienda\/wp-json\/wp\/v2\/comments?post=731"}],"version-history":[{"count":47,"href":"https:\/\/www.shirasgaleria.es\/tienda\/wp-json\/wp\/v2\/pages\/731\/revisions"}],"predecessor-version":[{"id":2964,"href":"https:\/\/www.shirasgaleria.es\/tienda\/wp-json\/wp\/v2\/pages\/731\/revisions\/2964"}],"wp:attachment":[{"href":"https:\/\/www.shirasgaleria.es\/tienda\/wp-json\/wp\/v2\/media?parent=731"}],"curies":[{"name":"wp","href":"https:\/\/api.w.org\/{rel}","templated":true}]}}