{"id":1562,"date":"2020-07-26T01:09:53","date_gmt":"2020-07-26T01:09:53","guid":{"rendered":"https:\/\/www.shirasgaleria.es\/tienda\/?page_id=1562"},"modified":"2020-07-26T01:09:53","modified_gmt":"2020-07-26T01:09:53","slug":"politica-privacidad-2","status":"publish","type":"page","link":"https:\/\/www.shirasgaleria.es\/tienda\/politica-privacidad-2\/","title":{"rendered":"Pol\u00edtica de privacidad"},"content":{"rendered":"<p>[vc_row el_class=\u00bbavisolegal\u00bb][vc_column][vc_column_text]El presente aviso legal te dar\u00e1 informaci\u00f3n acerca de la forma en que Shiras Galer\u00eda trata y recaba la informaci\u00f3n que nos facilitas a trav\u00e9s de nuestra p\u00e1gina web o cuando contactas con nosotros.<\/p>\n<p>Somos conscientes de lo importante que es para ti tu privacidad y la forma en que es almacenada, recabada y utilizada por parte de las distintas plataformas, as\u00ed mismo, apreciamos la confianza que depositas en nosotros al darnos acceso a tu informaci\u00f3n y trataremos de garantizar, con todos los medios de que disponemos, su cuidado y prudencia en su uso.<\/p>\n<p>&nbsp;<\/p>\n<ol>\n<li><strong>\u00bfQUE INFORMACI\u00d3N RECABAMOS?<\/strong><\/li>\n<\/ol>\n<p>Recabamos tu informaci\u00f3n personal para prestar y mejorar de forma continua nuestros productos y servicios.<\/p>\n<p>Estos son los tipos de informaci\u00f3n que recabamos:<\/p>\n<p>&nbsp;<\/p>\n<ul>\n<li><strong>Informaci\u00f3n que nos Facilitas: <\/strong>recibimos y almacenamos toda la informaci\u00f3n que nos facilitas en relaci\u00f3n con los Servicios de Shiras Galer\u00eda Puedes elegir no facilitar cierta informaci\u00f3n, pero si as\u00ed lo haces, no podr\u00e1s disfrutar de muchos de los Servicios de Shiras Galer\u00eda.<\/li>\n<li><strong>Informaci\u00f3n Autom\u00e1tica: <\/strong>cada vez que utilizas los Servicios de Shiras Galer\u00eda.com, recibimos y almacenamos de forma autom\u00e1tica ciertos tipos de informaci\u00f3n, derivado del uso de \u201ccookies\u201d.<\/li>\n<\/ul>\n<p>&nbsp;<\/p>\n<ol start=\"2\">\n<li><strong>\u00bfCON QU\u00c9 FINALIDADES TRATA TU INFORMACI\u00d3N PERSONAL Shiras Galer\u00eda?<\/strong><\/li>\n<\/ol>\n<p>Tratamos tu informaci\u00f3n personal para operar, prestar y mejorar los Servicios de Shiras Galer\u00eda que ofrecemos a nuestros clientes. Entre estas finalidades se incluyen:<\/p>\n<ul>\n<li><strong>Compra y entrega de productos y servicios. <\/strong>Utilizamos tu informaci\u00f3n personal para aceptar y gestionar pedidos, entregar productos y servicios, procesar pagos y comunicarnos contigo en relaci\u00f3n con pedidos, productos, servicios y ofertas promocionales.<\/li>\n<li><strong>Prestaci\u00f3n, resoluci\u00f3n de problemas y mejora de los Servicios de Shiras Galer\u00eda. <\/strong>Utilizamos tu informaci\u00f3n personal para aportar funcionalidad, analizar el rendimiento, resolver errores y mejorar la usabilidad y efectividad de los Servicios de<u> Shiras Galer\u00eda<\/u>.<\/li>\n<li><strong>Recomendaciones y personalizaci\u00f3n. <\/strong>Utilizamos tu informaci\u00f3n personal para recomendar funcionalidades, productos y servicios que puedan interesarte, identificar tus preferencias y personalizar tu experiencia con los Servicios de Shiras Galer\u00eda.<\/li>\n<li><strong>Cumplimiento de obligaciones legales. <\/strong>En algunos casos, tenemos la obligaci\u00f3n legal de recabar y tratar tu informaci\u00f3n<\/li>\n<li><strong>Comunicarnos contigo. <\/strong>Utilizamos tu informaci\u00f3n personal para comunicarnos contigo en relaci\u00f3n con los Servicios de Shiras Galer\u00eda.com a trav\u00e9s de diferentes canales (por ejemplo, por tel\u00e9fono, correo electr\u00f3nico, chat).<\/li>\n<li><strong>Prevenci\u00f3n del Fraude. <\/strong>Tratamos informaci\u00f3n personal para prevenir y detectar el fraude y el abuso.<\/li>\n<\/ul>\n<p>&nbsp;<\/p>\n<ol start=\"3\">\n<li><strong>INFORMACI\u00d3N SOBRE COOKIES:<\/strong><\/li>\n<\/ol>\n<p>Utilizamos cookies a fin de permitir a nuestros sistemas reconocer tu navegador o dispositivo y poder prestarte los Servicios de Shiras Galer\u00eda. Para obtener m\u00e1s informaci\u00f3n acerca de las cookies y de c\u00f3mo las utilizamos, por favor lee nuestro \u201cAviso de cookies\u201d.<\/p>\n<p>&nbsp;<\/p>\n<ol start=\"4\">\n<li><strong>\u00bfCOMPARTIMOS TU INFORMACI\u00d3N PERSONAL?<\/strong><\/li>\n<\/ol>\n<p>Shiras Galer\u00eda no participa en actividades de venta de la informaci\u00f3n personal de nuestros clientes a terceros.<\/p>\n<ul>\n<li><strong>Terceros Proveedores de Servicios: <\/strong>Contratamos a otras sociedades y personas para realizar ciertas funciones por nuestra cuenta. Algunas de las funciones que realizan pueden ser: ejecutar pedidos de productos y servicios, enviar paquetes, enviar correos postales y electr\u00f3nicos o procesar pagos. Estos terceros proveedores de servicios tendr\u00e1n acceso a la informaci\u00f3n personal necesaria para realizar sus funciones, pero no podr\u00e1n utilizarla para otros fines. Adem\u00e1s, deber\u00e1n tratar la informaci\u00f3n personal de conformidad con el presente Aviso de Privacidad y la legislaci\u00f3n aplicable en materia de protecci\u00f3n de datos.<\/li>\n<li><strong>Instituciones p\u00fablicas: <\/strong>Es posible que compartamos tus datos con determinadas instituciones p\u00fablicas, en cumplimiento de nuestras obligaciones legales, como por ejemplo la AEAT (Agencia Estatal de Administraci\u00f3n Tributaria).<\/li>\n<\/ul>\n<p>Aparte de lo establecido anteriormente, se te informar\u00e1 en el caso de que cualquier informaci\u00f3n sobre ti se comparta con terceras partes, al objeto de que tengas la oportunidad de elegir que no se comparta tu informaci\u00f3n.<\/p>\n<p>Los Servicios de shirasgaleria.es pueden incluir publicidad de terceros y accesos a otras p\u00e1ginas web y aplicaciones. Las terceras partes anunciantes podr\u00e1n recabar informaci\u00f3n tuya cuando interact\u00faes con sus contenidos, anuncios, y servicios, pero nunca de nuestra parte.<\/p>\n<p>&nbsp;<\/p>\n<ol start=\"5\">\n<li><strong>\u00bfTENGO ACCESO A MI INFORMACI\u00d3N?<\/strong><\/li>\n<\/ol>\n<p>S\u00ed, por supuesto, la informaci\u00f3n que recabemos o que nos facilites sobre ti es tuya y en ning\u00fan caso nuestra.<\/p>\n<p>Por lo tanto, tendr\u00e1s pleno acceso a tu informaci\u00f3n para consultarla, modificarla o eliminarla siempre que quieras, tambi\u00e9n podr\u00e1s a\u00f1adir o actualizar informaci\u00f3n.<\/p>\n<p>Podr\u00e1s hacerlo poni\u00e9ndote en contacto con nosotros a trav\u00e9s del correo <u>info@Shiras Galer\u00eda.com<\/u> y nosotros te responderemos, una vez acreditada tu identidad debidamente, remitiendo un fichero con toda tu informaci\u00f3n.<\/p>\n<p>Si tienes cualquier duda acerca de nuestra pol\u00edtica de privacidad no dudes en ponerte en contacto con nosotros.<\/p>\n<p>NOTAS IMPORTANTES:<\/p>\n<ul>\n<li>Dentro de tus derechos se encuentra el de dejar de recibir correos electr\u00f3nicos de contenido publicitario.<\/li>\n<li>Si deseas que durante la navegaci\u00f3n no recabemos informaci\u00f3n sobre ti, lo podr\u00e1s hacer desactivando las cookies antes de entrar en nuestra p\u00e1gina web o utilizando la opci\u00f3n de tu navegador para navegar de inc\u00f3gnito.<\/li>\n<li>Si deseas que hagamos un uso temporal de tu informaci\u00f3n es posible, indic\u00e1ndonoslo tras efectuar tu compra o tras habernos dado traslado de tu informaci\u00f3n personal.<\/li>\n<\/ul>\n<p>&nbsp;<\/p>\n<ol start=\"6\">\n<li><strong>\u00bfEST\u00c1 PERMITIDO EL USO DE NUESTROS SERVICIOS A MENORES DE EDAD?<\/strong><\/li>\n<\/ol>\n<p>No podr\u00e1n contratar los menores no emancipados, salvo en aquellos contratos que las leyes les permitan realizar por s\u00ed mismos o con asistencia de sus representantes y los relativos a bienes y servicios de la vida corriente propios de su edad de conformidad con los usos sociales.<\/p>\n<p>&nbsp;<\/p>\n<ol start=\"7\">\n<li><strong>\u00bfCUANTO TIEMPO CONSERVAMOS TU INFORMACI\u00d3N?<\/strong><\/li>\n<\/ol>\n<p>Conservamos tu informaci\u00f3n personal a fin de que puedas utilizar los Servicios de shirasgaleria.es de forma continuada y durante el tiempo necesario para cumplir los fines descritos en este Aviso de Privacidad, seg\u00fan resulte exigible conforme a la legislaci\u00f3n (por ejemplo, con fines fiscales y contables), o de cualquier otro modo que te hayamos comunicado.[\/vc_column_text][\/vc_column][\/vc_row]<\/p>\n","protected":false},"excerpt":{"rendered":"<p>[vc_row el_class=\u00bbavisolegal\u00bb][vc_column][vc_column_text]El presente aviso legal te dar\u00e1 informaci\u00f3n acerca de la forma en que Shiras Galer\u00eda trata y recaba la informaci\u00f3n que nos facilitas a trav\u00e9s de nuestra p\u00e1gina web o cuando contactas con nosotros. Somos conscientes de lo importante que es para ti tu privacidad y la forma en que es almacenada, recabada y [&hellip;]<\/p>\n","protected":false},"author":2,"featured_media":0,"parent":0,"menu_order":0,"comment_status":"closed","ping_status":"closed","template":"","meta":{"_acf_changed":false,"footnotes":""},"class_list":["post-1562","page","type-page","status-publish","hentry"],"acf":[],"_links":{"self":[{"href":"https:\/\/www.shirasgaleria.es\/tienda\/wp-json\/wp\/v2\/pages\/1562","targetHints":{"allow":["GET"]}}],"collection":[{"href":"https:\/\/www.shirasgaleria.es\/tienda\/wp-json\/wp\/v2\/pages"}],"about":[{"href":"https:\/\/www.shirasgaleria.es\/tienda\/wp-json\/wp\/v2\/types\/page"}],"author":[{"embeddable":true,"href":"https:\/\/www.shirasgaleria.es\/tienda\/wp-json\/wp\/v2\/users\/2"}],"replies":[{"embeddable":true,"href":"https:\/\/www.shirasgaleria.es\/tienda\/wp-json\/wp\/v2\/comments?post=1562"}],"version-history":[{"count":1,"href":"https:\/\/www.shirasgaleria.es\/tienda\/wp-json\/wp\/v2\/pages\/1562\/revisions"}],"predecessor-version":[{"id":1563,"href":"https:\/\/www.shirasgaleria.es\/tienda\/wp-json\/wp\/v2\/pages\/1562\/revisions\/1563"}],"wp:attachment":[{"href":"https:\/\/www.shirasgaleria.es\/tienda\/wp-json\/wp\/v2\/media?parent=1562"}],"curies":[{"name":"wp","href":"https:\/\/api.w.org\/{rel}","templated":true}]}}