{"id":1560,"date":"2020-07-26T01:06:54","date_gmt":"2020-07-26T01:06:54","guid":{"rendered":"https:\/\/www.shirasgaleria.es\/tienda\/?page_id=1560"},"modified":"2020-07-26T01:06:54","modified_gmt":"2020-07-26T01:06:54","slug":"politica-de-cookies","status":"publish","type":"page","link":"https:\/\/www.shirasgaleria.es\/tienda\/politica-de-cookies\/","title":{"rendered":"Pol\u00edtica de cookies"},"content":{"rendered":"<p>[vc_row el_class=\u00bbavisolegal\u00bb][vc_column][vc_column_text]<strong>1. Nuestra pol\u00edtica.<\/strong><br \/>\niscooting.com respeta tu derecho a la privacidad cuando usas nuestra web. Adem\u00e1s queremos mantener una relaci\u00f3n trasparente contigo, inform\u00e1ndote de c\u00f3mo recopilamos y tratamos de forma segura cualquier informaci\u00f3n que se derive de tu navegaci\u00f3n.<br \/>\nPara ello hemos elaborado esta Pol\u00edtica de Cookies (en adelante \u201cPol\u00edtica de Cookies\u201d) que te permitir\u00e1 conocer c\u00f3mo usamos las cookies.<br \/>\nEs importante que leas esta Pol\u00edtica de Cookies, ya que te permitir\u00e1 hacer una elecci\u00f3n fundamentada de todos aquellos servicios que ponemos a tu disposici\u00f3n.<br \/>\nLa presente Pol\u00edtica no se aplica a sitios web o apps de terceros, incluyendo aquellos a los que se pueda acceder a trav\u00e9s de un enlace desde nuestras webs y apps.<br \/>\nSi quieres m\u00e1s informaci\u00f3n sobre nuestra Pol\u00edtica de Cookies puedes enviarnos tu consulta a la siguiente direcci\u00f3n de correo electr\u00f3nico: info@iscooting.com<\/p>\n<p><strong>1.1 \u00bfQu\u00e9 son las Cookies?<\/strong><br \/>\nLas cookies son peque\u00f1as cantidades de informaci\u00f3n que se almacenan en el navegador utilizado por cada usuario para que el servidor recuerde cierta informaci\u00f3n que posteriormente pueda utilizar.<br \/>\nEsta informaci\u00f3n permite identificarle a usted como un usuario concreto y permite guardar sus preferencias personales, as\u00ed como informaci\u00f3n t\u00e9cnica como puedan ser visitas o p\u00e1ginas concretas que visite.<br \/>\nAquellos usuarios que no deseen recibir cookies o quieran ser informados antes de que se almacenen en su ordenador, pueden configurar su navegador a tal efecto.<br \/>\nLas cookies que utilizamos no almacenan dato personal alguno, ni ning\u00fan tipo de informaci\u00f3n que pueda identificarle. Las cookies sirven para mejorar los servicios que te ofrecemos. Algunas son estrictamente necesarias para que la p\u00e1gina funcione bien y otras sirven para mejorar el rendimiento y tu experiencia como usuario. A continuaci\u00f3n, se realiza una clasificaci\u00f3n de las cookies en funci\u00f3n de una serie de categor\u00edas.<\/p>\n<p>&nbsp;<\/p>\n<p>Tipos de cookies seg\u00fan la entidad que las gestione:<\/p>\n<p>\u2022 Cookies propias: Son aqu\u00e9llas que se env\u00edan al equipo terminal del usuario desde un equipo o dominio gestionado por el propio editor y desde el que se presta el servicio solicitado por el usuario.<\/p>\n<p>\u2022 Cookies de tercero: Son aqu\u00e9llas que se env\u00edan al equipo terminal del usuario desde un equipo o dominio que no es gestionado por el editor, sino por otra entidad que trata los datos obtenidos trav\u00e9s de las cookies.<\/p>\n<p>&nbsp;<\/p>\n<p>Tipos de cookies seg\u00fan el plazo de tiempo que permanecen activadas:<\/p>\n<p>\u2022 Cookies de sesi\u00f3n: Son un tipo de cookies dise\u00f1adas para recabar y almacenar datos mientras el usuario accede a una p\u00e1gina web.<\/p>\n<p>\u2022 Cookies persistentes: Son un tipo de cookies en el que los datos siguen almacenados en el terminal y pueden ser accedidos y tratados durante un periodo definido por el responsable de la cookie, y que puede ir de unos minutos a varios a\u00f1os.<\/p>\n<p>&nbsp;<\/p>\n<p>Tipos de cookies seg\u00fan su finalidad:<\/p>\n<p>\u2022 Cookies t\u00e9cnicas: Son aqu\u00e9llas que permiten al usuario la navegaci\u00f3n a trav\u00e9s de una p\u00e1gina web, plataforma o aplicaci\u00f3n y la utilizaci\u00f3n de las diferentes opciones o servicios que en ella existan como, por ejemplo, controlar el tr\u00e1fico y la comunicaci\u00f3n de datos, identificar la sesi\u00f3n, acceder a partes de acceso restringido, recordar los elementos que integran un pedido, realizar el proceso de compra de un pedido, realizar la solicitud de inscripci\u00f3n o participaci\u00f3n en un evento, utilizar elementos de seguridad durante la navegaci\u00f3n, almacenar contenidos para la difusi\u00f3n de videos o sonido o compartir contenidos a trav\u00e9s de redes sociales.<\/p>\n<p>\u2022 Cookies de personalizaci\u00f3n: Son aqu\u00e9llas que permiten al usuario acceder al servicio con algunas caracter\u00edsticas de car\u00e1cter general predefinidas en funci\u00f3n de una serie de criterios en el terminal del usuario como por ejemplo serian el idioma, el tipo de navegador a trav\u00e9s del cual accede al servicio, la configuraci\u00f3n regional desde donde accede al servicio, etc.<\/p>\n<p>\u2022 Cookies de an\u00e1lisis: Son aqu\u00e9llas que permiten al responsable de las mismas, el seguimiento y an\u00e1lisis del comportamiento de los usuarios de los sitios web a los que est\u00e1n vinculadas. La informaci\u00f3n recogida mediante este tipo de cookies se utiliza en la medici\u00f3n de la actividad de los sitios web, aplicaci\u00f3n o plataforma y para la elaboraci\u00f3n de perfiles de navegaci\u00f3n de los usuarios de dichos sitios, aplicaciones y plataformas, con el fin de introducir mejoras en funci\u00f3n del an\u00e1lisis de los datos de uso que hacen los usuarios del servicio.<\/p>\n<p>\u2022 Cookies publicitarias: Son aqu\u00e9llas que permiten la gesti\u00f3n, de la forma m\u00e1s eficaz posible, de los espacios publicitarios que, en su caso, el editor haya incluido en una p\u00e1gina web, aplicaci\u00f3n o plataforma desde la que presta el servicio solicitado en base a criterios como el contenido editado o la frecuencia en la que se muestran los anuncios.<\/p>\n<p>\u2022 Cookies de publicidad comportamental: Son aqu\u00e9llas que permiten la gesti\u00f3n, de la forma m\u00e1s eficaz posible, de los espacios publicitarios que, en su caso, el editor haya incluido en una p\u00e1gina web, aplicaci\u00f3n o\u00a0 plataforma desde la que presta el servicio solicitado. Estas cookies almacenan informaci\u00f3n del comportamiento de los usuarios obtenida a trav\u00e9s de la observaci\u00f3n continuada de sus h\u00e1bitos de navegaci\u00f3n, lo que permite desarrollar un perfil espec\u00edfico para mostrar publicidad en funci\u00f3n del mismo.<br \/>\nEncontrar\u00e1s m\u00e1s informaci\u00f3n sobre las cookies y c\u00f3mo gestionarlas en http:\/\/www.aboutcookies.org. Abre en ventana nueva o en el men\u00fa \u201cAyuda\u201d del navegador. En la p\u00e1gina web se utilizan los siguientes tipos de cookies:<\/p>\n<p>\u2022 Cookies anal\u00edticas: Estas cookies se utilizan para analizar el comportamiento de los usuarios de forma agregada y an\u00f3nima incluyendo el n\u00famero de visitantes a la web y a diferentes fichas de producto, la procedencia de las visita, d\u00eda y hora, plataforma, numero de clics en un banner, palabras de b\u00fasqueda que utiliza un usuario para encontrar su contenido deseado. De esta forma se sirve de un medio de gran utilidad para poder introducir mejoras en el sitio web y saber qu\u00e9 contenido o dise\u00f1o es m\u00e1s relevante para el usuario.<\/p>\n<p>\u2022 Cookies funcionales: Son cookies que ayudan al usuario a tener una mejor experiencia de la navegaci\u00f3n por el sitio. Un ejemplo de uso de este tipo de cookies son las que se utilizan para almacenar los datos de navegaci\u00f3n de un determinado idioma.<\/p>\n<p>\u2022 Cookies t\u00e9cnicas: Las cookies t\u00e9cnicas son necesarias para mostrar correctamente la p\u00e1gina web y garantizar el correcto funcionamiento del sitio.<\/p>\n<p>La tabla siguiente recoge de forma esquematizada las cookies utilizadas en la p\u00e1gina web para que puedas identificarlas en tu navegador:<br \/>\n\u2022 Tipo 1 Cookies Funcionales: Propias generadas por la Web.<br \/>\n\u2022 Tipo 2 Cookies T\u00e9cnicas: Generados autom\u00e1ticamente por el servidor de Aplicaciones para gesti\u00f3n de sesi\u00f3n.<br \/>\n\u2022 Tipo 3 Cookies Anal\u00edticas: Generados por c\u00f3digos de medici\u00f3n tipo Google analytics.<\/p>\n<p><strong>1,2 \u00bfPorqu\u00e9 son importantes las cookies?<\/strong><br \/>\nLas cookies nos permiten mejorar la usabilidad de nuestros sitios web y ofrecerte mejores servicios y una navegaci\u00f3n m\u00e1s \u00e1gil, r\u00e1pida y segura.<\/p>\n<p>Las cookies nos ayudan por ejemplo a:<br \/>\n&#8211; Proporcionar una experiencia de navegaci\u00f3n m\u00e1s personalizada.<br \/>\n&#8211; Proteger la seguridad de tu navegaci\u00f3n y de tu cuenta.<br \/>\n&#8211; conocer, comprender y mejorar el uso que reciben nuestros productos y servicios.<br \/>\nTen presente que tu consentimiento para el uso de las cookies durante tu navegaci\u00f3n, nos permitir\u00e1 obtener m\u00e1s informaci\u00f3n acerca de tus preferencias y personalizar nuestro sitio web de acuerdo con tus intereses individuales, as\u00ed como mostrarte, en sucesivas visitas a \u00e9ste sitio web, publicidad relativa a productos y\/o servicios que entendemos que son productos o servicios en los que puedes estar interesado.<\/p>\n<p><strong>1.3 \u00bfC\u00f3mo nos facilitas tu Consentimiento?<\/strong><br \/>\nAl aceptar las cookies, facilitas tu consentimiento para el uso de aquellas que hayas seleccionado en las condiciones contenidas en esta Pol\u00edtica de Cookies.<\/p>\n<p><strong>1.4 \u00bfC\u00f3mo puedo revocar mi consentimiento al uso de cookies?<\/strong><br \/>\nPara permitir, conocer, bloquear o eliminar las cookies instaladas en su equipo puede hacerlo mediante la configuraci\u00f3n de las opciones del navegador instalado en su ordenador.<br \/>\n\u2022 Chrome desde aqu\u00ed: http:\/\/support.google.com\/chrome\/bin\/answer.py?hl=es&amp;answer=95647. Abre en ventana nueva.<br \/>\n\u2022 Firefox desde aqu\u00ed: http:\/\/support.mozilla.org\/es\/kb\/habilitar-y-deshabilitarcookies-que-los-sitios-we. Abre en ventana nueva.<br \/>\n\u2022 Explorer desde aqu\u00ed:http:\/\/windows.microsoft.com\/es-es\/windows7\/how-tomanage-cookies-in-internet-explorer-9. Abre en ventana nueva.<br \/>\n\u2022 Safari desde aqu\u00ed:http:\/\/support.apple.com\/kb\/ph5042. Abre en ventana nueva.<br \/>\n\u2022 Opera desde aqu\u00ed: http:\/\/help.opera.com\/Windows\/11.50\/es-ES\/ cookies.html[\/vc_column_text][\/vc_column][\/vc_row]<\/p>\n","protected":false},"excerpt":{"rendered":"<p>[vc_row el_class=\u00bbavisolegal\u00bb][vc_column][vc_column_text]1. Nuestra pol\u00edtica. iscooting.com respeta tu derecho a la privacidad cuando usas nuestra web. Adem\u00e1s queremos mantener una relaci\u00f3n trasparente contigo, inform\u00e1ndote de c\u00f3mo recopilamos y tratamos de forma segura cualquier informaci\u00f3n que se derive de tu navegaci\u00f3n. Para ello hemos elaborado esta Pol\u00edtica de Cookies (en adelante \u201cPol\u00edtica de Cookies\u201d) que te permitir\u00e1 [&hellip;]<\/p>\n","protected":false},"author":2,"featured_media":0,"parent":0,"menu_order":0,"comment_status":"closed","ping_status":"closed","template":"","meta":{"_acf_changed":false,"footnotes":""},"class_list":["post-1560","page","type-page","status-publish","hentry"],"acf":[],"_links":{"self":[{"href":"https:\/\/www.shirasgaleria.es\/tienda\/wp-json\/wp\/v2\/pages\/1560","targetHints":{"allow":["GET"]}}],"collection":[{"href":"https:\/\/www.shirasgaleria.es\/tienda\/wp-json\/wp\/v2\/pages"}],"about":[{"href":"https:\/\/www.shirasgaleria.es\/tienda\/wp-json\/wp\/v2\/types\/page"}],"author":[{"embeddable":true,"href":"https:\/\/www.shirasgaleria.es\/tienda\/wp-json\/wp\/v2\/users\/2"}],"replies":[{"embeddable":true,"href":"https:\/\/www.shirasgaleria.es\/tienda\/wp-json\/wp\/v2\/comments?post=1560"}],"version-history":[{"count":1,"href":"https:\/\/www.shirasgaleria.es\/tienda\/wp-json\/wp\/v2\/pages\/1560\/revisions"}],"predecessor-version":[{"id":1561,"href":"https:\/\/www.shirasgaleria.es\/tienda\/wp-json\/wp\/v2\/pages\/1560\/revisions\/1561"}],"wp:attachment":[{"href":"https:\/\/www.shirasgaleria.es\/tienda\/wp-json\/wp\/v2\/media?parent=1560"}],"curies":[{"name":"wp","href":"https:\/\/api.w.org\/{rel}","templated":true}]}}