{"id":1558,"date":"2020-07-26T01:03:11","date_gmt":"2020-07-26T01:03:11","guid":{"rendered":"https:\/\/www.shirasgaleria.es\/tienda\/?page_id=1558"},"modified":"2020-07-26T01:03:11","modified_gmt":"2020-07-26T01:03:11","slug":"metodos-de-pago","status":"publish","type":"page","link":"https:\/\/www.shirasgaleria.es\/tienda\/metodos-de-pago\/","title":{"rendered":"M\u00e9todos de pago"},"content":{"rendered":"<p>[vc_row el_class=\u00bbavisolegal\u00bb][vc_column][vc_column_text]Shiras Galer\u00eda pone a su disposici\u00f3n todas estas formas de pago para que pueda elegir la que m\u00e1s se ajuste a sus necesidades.<\/p>\n<p>&nbsp;<\/p>\n<h4>Tarjeta de cr\u00e9dito\/d\u00e9bito<\/h4>\n<p>El cliente podr\u00e1 realizar el pago de su pedido con total seguridad, mediante su tarjeta de cr\u00e9dito a trav\u00e9s de la <strong><a href=\"https:\/\/stripe.com\/es\/privacy\">pasarela de pago STRIPE<\/a><\/strong> (formulario de pago integrado en shirasgaleria.es)\u00a0 utilizando conexi\u00f3n de datos por SSL. Para su tranquilidad, se le garantiza una absoluta seguridad, ya que tanto <strong>sus datos personales como los de su tarjeta viajan encriptados gracias al servidor seguro SSL<\/strong> proporcionado por <a href=\"https:\/\/stripe.com\/es\/privacy\"><strong>STRIPE<\/strong><\/a>. Los datos sobre su tarjeta de cr\u00e9dito no quedan registrados en ninguna base de datos sino que van directamente a la pasarela de pago. Asimismo, en ning\u00fan momento Scrivener.es recibe los datos de su tarjeta, s\u00f3lo la confirmaci\u00f3n de su pago.<\/p>\n<p>&nbsp;<\/p>\n<h4>Entrega en tienda (Shiras Galer\u00eda)<\/h4>\n<p>El cliente efectuar\u00e1 el pago \u00edntegro en efectivo en el momento de la entrega de la mercanc\u00eda en el lugar designado por \u00e9ste al realizar el pedido. Shiras Galer\u00eda se reserva el dominio y conservar\u00e1 la plena propiedad del art\u00edculo hasta el \u00edntegro pago por parte del cliente incluyendo posibles errores del vendedor o transportista del mismo.<\/p>\n<p>&nbsp;<\/p>\n<h4>Transferencia bancaria<\/h4>\n<p>El cliente podr\u00e1 realizar el pago a trav\u00e9s de transferencia bancaria directa, una vez realizado el pedido se enviar\u00e1 la informaci\u00f3n bancaria para realizar la transferencia, una vez recibamos la transferencia procesaremos su pedido.[\/vc_column_text][\/vc_column][\/vc_row]<\/p>\n","protected":false},"excerpt":{"rendered":"<p>[vc_row el_class=\u00bbavisolegal\u00bb][vc_column][vc_column_text]Shiras Galer\u00eda pone a su disposici\u00f3n todas estas formas de pago para que pueda elegir la que m\u00e1s se ajuste a sus necesidades. &nbsp; Tarjeta de cr\u00e9dito\/d\u00e9bito El cliente podr\u00e1 realizar el pago de su pedido con total seguridad, mediante su tarjeta de cr\u00e9dito a trav\u00e9s de la pasarela de pago STRIPE (formulario de [&hellip;]<\/p>\n","protected":false},"author":2,"featured_media":0,"parent":0,"menu_order":0,"comment_status":"closed","ping_status":"closed","template":"","meta":{"_acf_changed":false,"footnotes":""},"class_list":["post-1558","page","type-page","status-publish","hentry"],"acf":[],"_links":{"self":[{"href":"https:\/\/www.shirasgaleria.es\/tienda\/wp-json\/wp\/v2\/pages\/1558","targetHints":{"allow":["GET"]}}],"collection":[{"href":"https:\/\/www.shirasgaleria.es\/tienda\/wp-json\/wp\/v2\/pages"}],"about":[{"href":"https:\/\/www.shirasgaleria.es\/tienda\/wp-json\/wp\/v2\/types\/page"}],"author":[{"embeddable":true,"href":"https:\/\/www.shirasgaleria.es\/tienda\/wp-json\/wp\/v2\/users\/2"}],"replies":[{"embeddable":true,"href":"https:\/\/www.shirasgaleria.es\/tienda\/wp-json\/wp\/v2\/comments?post=1558"}],"version-history":[{"count":1,"href":"https:\/\/www.shirasgaleria.es\/tienda\/wp-json\/wp\/v2\/pages\/1558\/revisions"}],"predecessor-version":[{"id":1559,"href":"https:\/\/www.shirasgaleria.es\/tienda\/wp-json\/wp\/v2\/pages\/1558\/revisions\/1559"}],"wp:attachment":[{"href":"https:\/\/www.shirasgaleria.es\/tienda\/wp-json\/wp\/v2\/media?parent=1558"}],"curies":[{"name":"wp","href":"https:\/\/api.w.org\/{rel}","templated":true}]}}