{"id":1554,"date":"2020-07-26T00:54:35","date_gmt":"2020-07-26T00:54:35","guid":{"rendered":"https:\/\/www.shirasgaleria.es\/tienda\/?page_id=1554"},"modified":"2020-07-26T00:57:25","modified_gmt":"2020-07-26T00:57:25","slug":"avisolegal","status":"publish","type":"page","link":"https:\/\/www.shirasgaleria.es\/tienda\/avisolegal\/","title":{"rendered":"Aviso legal"},"content":{"rendered":"<p>[vc_row el_class=\u00bbavisolegal\u00bb][vc_column][vc_column_text]<\/p>\n<h3>Informaci\u00f3n general<\/h3>\n<p>Gracias por visitar nuestra web. Esperamos que disfrutes navegando por ella y conociendo el detalle de nuestros productos y servicios.<br \/>\nEste aviso legal (en adelante, el \u00abAviso Legal\u00bb) regula el uso de nuestro portal de Internet (en adelante, el \u00abPortal\u00bb). Te recomendamos que leas atentamente las presentes condiciones antes de que comiences con su uso.<\/p>\n<p>&nbsp;<\/p>\n<h4>0. DATOS DEL RESPONSABLE:<\/h4>\n<ul>\n<li>Identidad del Responsable: Sara Joudi Shahin<\/li>\n<li>Su nombre comercial es: SHIRAS GALER\u00cdA.<\/li>\n<li>NIF: 24364785-B.<\/li>\n<li>Domicilio social: Calle Vilaragut 3, 46002, Valencia (ESPA\u00d1A).<\/li>\n<li>Correo electr\u00f3nico: info@shirasgaleria.com<\/li>\n<\/ul>\n<p>&nbsp;<\/p>\n<h4>1. USUARIOS:<\/h4>\n<p>Debes saber que mediante el acceso y\/o uso del Portal adquieres la condici\u00f3n de usuario, aceptando, desde ese mismo momento sin excepciones, el contenido incluido en este Aviso Legal (\u201cCondiciones Generales\u201d), as\u00ed como las Condiciones Particulares que, en relaci\u00f3n con determinados servicios y contenidos del Portal (\u201cServicios\u201d), complementan, modifican o sustituyen las primeras. Por ello te recomendamos que antes de utilizar alguno de los Servicios, leas atentamente tanto las Condiciones Generales como, en su caso, las Condiciones Particulares.<\/p>\n<p>&nbsp;<\/p>\n<h4>2. USO DEL PORTAL, SUS SERVICIOS O SUS CONTENIDOS:<\/h4>\n<p>El uso del Portal de https:\/\/www.Shiras Galer\u00eda.com, tiene car\u00e1cter gratuito para ti, sin perjuicio de que determinados servicios exijan que tratemos tu informaci\u00f3n para poder acceder a los mismos, de lo que te informaremos en cada caso. Como usuario te comprometes a:<\/p>\n<ul>\n<li>Facilitar, en caso de que para determinados servicios accesibles a trav\u00e9s de nuestro Portal sea necesario que cumplimentes un formulario de acceso, informaci\u00f3n veraz y mantenerla actualizada en todo momento. No debes de olvidar que ser\u00e1s el \u00fanico responsable de las manifestaciones falsas o inexactas que realices y de los perjuicios que, como consecuencia de la informaci\u00f3n facilitada, puedas causar a Shiras Galer\u00eda.com o a<\/li>\n<li>Utilizar el Portal y los Servicios sin contravenir lo dispuesto en las presentes Condiciones Generales y aquellas otras Condiciones Particulares que lo regulen as\u00ed como la legislaci\u00f3n vigente, la buena fe, los usos generalmente aceptados y el orden p\u00fablico.<\/li>\n<li>No utilizar el Portal o sus Servicios con fines il\u00edcitos o que puedan ocasionar un da\u00f1o a Shiras Galer\u00eda<u>.com<\/u> o cualquier tercero, o que, de cualquier forma, puedan causar perjuicio o impedir el normal funcionamiento de los<\/li>\n<\/ul>\n<p>&nbsp;<\/p>\n<p>Te informamos que est\u00e1n prohibidos una serie de actos en relaci\u00f3n con los contenidos del Portal y\/o los Servicios, tales como informaciones, textos, gr\u00e1ficos,archivos de sonido y\/o imagen, fotograf\u00edas, dise\u00f1os, o cualquier otro (\u201cContenidos\u201d) que a continuaci\u00f3n te indicamos:<\/p>\n<ul>\n<li>Su reproducci\u00f3n, copia, distribuci\u00f3n, difusi\u00f3n, comunicaci\u00f3n p\u00fablica, transformaci\u00f3n o modificaci\u00f3n, a menos que se cuente con la autorizaci\u00f3n de sus leg\u00edtimos titulares o resulte legalmente<\/li>\n<li>Cualquier vulneraci\u00f3n de los derechos de Shiras Galer\u00eda.com o de sus leg\u00edtimos titulares sobre los<\/li>\n<li>Su utilizaci\u00f3n para todo tipo de fines comerciales o publicitarios, distintos de los estrictamente<\/li>\n<li>Cualquier intento de obtener los Contenidos por cualquier medio distinto de los que ponemos a tu disposici\u00f3n o de los usos habituales en Internet y en ese caso siempre que ello no ocasione ning\u00fan perjuicio a Shiras Galer\u00edacom<\/li>\n<\/ul>\n<p>&nbsp;<\/p>\n<h4>3. MODIFICACI\u00d3N UNILATERAL:<\/h4>\n<p>Te advertimos que en el deseo de mejorar tu experiencia de usuario, es posible que modifiquemos, sin previo aviso, la estructura y dise\u00f1o del Portal, algunos servicios y contenidos. Asimismo te comunicamos que Shiras Galer\u00eda<u>.com<\/u>, en cualquier momento, podr\u00e1 modificar estas Condiciones Generales, o en su caso las Condiciones Particulares de un Servicio, de lo que te informaremos a trav\u00e9s del correspondiente aviso. Por ello, recuerda consultar, peri\u00f3dicamente, unas y otras. Las modificaciones, en cualquier caso, no aplicar\u00e1n con car\u00e1cter retroactivo.<\/p>\n<p>&nbsp;<\/p>\n<h4>4. USO DE ENLACES:<\/h4>\n<ul>\n<li><strong><u>USO DE ENLACES POR PARTE DE<\/u><\/strong><u><strong>SHIRAS GALER\u00cdA.COM EN EL PORTAL:<\/strong><\/u><\/li>\n<\/ul>\n<p>En el Portal podr\u00e1s encontrar enlaces desde los cuales puedes acceder a otros sitios web gestionados y controlados por terceros. Dichos enlaces tienen la \u00fanica funci\u00f3n de facilitarte la b\u00fasqueda de informaci\u00f3n, contenidos y servicios en Internet, sin que en ning\u00fan caso, pueda considerarse como una sugerencia, recomendaci\u00f3n o invitaci\u00f3n para su visita de por nuestra parte. El uso o acceso que lleves a cabo a trav\u00e9s de dichos enlaces es una decisi\u00f3n \u00fanica y exclusivamente tuya. Por favor ten presente que Shiras Galer\u00eda<u>.com<\/u> no comercializa, dirige, ni controla, as\u00ed como tampoco hace propios los contenidos, servicios, informaciones y manifestaciones disponibles en dichos sitios web. Por consiguiente Shiras Galer\u00eda<u>.com<\/u> no asume ning\u00fan tipo de responsabilidad, directa, indirecta o subsidiaria por los da\u00f1os y\/o perjuicios que pudieran derivarse de actos de terceros tales como el acceso, mantenimiento, uso, calidad, licitud, fiabilidad y utilidad de los contenidos, informaciones, comunicaciones, opiniones, manifestaciones, productos y\/o servicios existentes u ofrecidos en los sitios web por no ser los mismos gestionados por Shiras Galer\u00eda<u>.com<\/u> a pesar de que para mantenerte informado Shiras Galer\u00eda<u>.com<\/u> te facilite su acceso a trav\u00e9s del Portal.<\/p>\n<p>&nbsp;<\/p>\n<h4>4.2 ENLACES AL PORTAL POR PARTE DE TERCEROS:<\/h4>\n<p>Si quieres realizar o realizas un enlace desde una p\u00e1gina web de otro portal de Internet a cualquiera de las p\u00e1ginas del Portal, deber\u00e1s someterte a las siguientes condiciones:<\/p>\n<ul>\n<li>Asegurarte de que cualquier enlace que realices al Portal sea \u00fanicamente a su p\u00e1gina principal o las p\u00e1ginas principales de sus<\/li>\n<li>No reproducir, ni total ni parcialmente, ninguno de los Servicios o<\/li>\n<li>No establecer enlaces deep-links, enlaces IMG o de imagen, o frames con las p\u00e1ginas del Portal sin la previa autorizaci\u00f3n expresa de<\/li>\n<li>No incluir manifestaciones falsas, inexactas o incorrectas sobre el Portal (incluidos sus contenidos o Servicios) o los empleados de Shiras Galer\u00eda<u>.com<\/u>.<\/li>\n<li>No incluir ninguna marca, denominaci\u00f3n, logotipo, eslogan o cualquier otro signo distintivo de Shiras Galer\u00eda<u>.com<\/u> -salvo aquellos que formen parte del propio enlace- sin la previa y expresa autorizaci\u00f3n de Shiras Galer\u00eda<u>.com<\/u>.<\/li>\n<li>No contener la p\u00e1gina web en la que se establezca el enlace, informaciones o contenidos contrarios a derechos de terceros, il\u00edcitos, contrarios a la moral y las buenas costumbres u orden p\u00fablico.<\/li>\n<\/ul>\n<p>En cualquier caso, te informamos que el establecimiento del enlace no implicar\u00e1 (i) la existencia de relaci\u00f3n entre Shiras Galer\u00eda<u>.com<\/u> y el titular de la p\u00e1gina web desde la cual se realice, (ii) el conocimiento, aceptaci\u00f3n o refrendo por Shiras Galer\u00eda<u>.com<\/u> de los servicios y contenidos en su caso ofrecidos o (iii) el apoyo o refrendo por Shiras Galer\u00eda<u>.com<\/u> de las informaciones y manifestaciones que un tercero pueda realizar.<\/p>\n<p>&nbsp;<\/p>\n<h4>5. RESPONSABILIDAD DEL USUARIO POR DA\u00d1OS Y PERJUICIOS:<\/h4>\n<p>El uso que hagas del Portal se realizar\u00e1 bajo tu exclusiva responsabilidad como usuario, quedando exonerado, expresamente, Shiras Galer\u00eda<u>.com<\/u> de los da\u00f1os y\/o perjuicios que se causaren al usuario o a terceros por un uso contrario a lo establecido en estas Condiciones Generales y otras que fueran de aplicaci\u00f3n. Esta responsabilidad se extender\u00e1 al uso, que t\u00fa o cualquier tercero realic\u00e9is de las credenciales de acceso o similares, en su caso, asignadas para el acceso al Portal o a sus Servicios. Es importante que sepas que si incumples estas Condiciones Generales o las Condiciones Particulares que te sean de aplicaci\u00f3n, podremos denegarte el acceso nuestros servicios y contenidos sin necesidad de aviso previo.<\/p>\n<p>&nbsp;<\/p>\n<h4>6. EXCLUSI\u00d3N DE GARANT\u00cdAS Y RESPONSABILIDAD.<\/h4>\n<p><u>Shiras Galer\u00eda.com<\/u> te proporciona el acceso al Portal, sus Contenidos y\/o Servicios con un nivel de competencia y diligencia razonable, y esperamos que puedas disfrutar con su uso, y si quieres, cont\u00e1rnoslo. No obstante, no podemos ofrecerte garant\u00edas ni hacernos responsables, en ning\u00fan caso, de los da\u00f1os y perjuicios de cualquier naturaleza que pudieran derivarse de:<\/p>\n<ul>\n<li>La falta de disponibilidad, mantenimiento y efectivo funcionamiento del Portal y\/o de sus Servicios o<\/li>\n<li>La falta de utilidad, adecuaci\u00f3n o validez para satisfacer las necesidades, actividades, resultados concretos o expectativas que pudieras<\/li>\n<li>La existencia de virus, programas maliciosos o lesivos en los Contenidos y\/o Servicios prestados a trav\u00e9s del Portal que puedan producir alteraciones en tu sistema inform\u00e1tico (software y hardware) o en los documentos electr\u00f3nicos y ficheros que puedas<\/li>\n<li>La recepci\u00f3n, obtenci\u00f3n, almacenamiento, difusi\u00f3n o transmisi\u00f3n, por tu parte, de los Contenidos y la infracci\u00f3n de los derechos de propiedad intelectual, dise\u00f1os y\/o marcas, honor, intimidad personal y familiar, protecci\u00f3n de datos, imagen, propiedad o cualquier derecho de terceros a consecuencia de ello.<\/li>\n<li>El uso il\u00edcito, negligente, fraudulento, contrario a las presentes Condiciones Generales, a la buena fe, a los usos generalmente aceptados o al orden p\u00fablico, del Portal, sus Servicios o Contenidos, por tu<\/li>\n<li>La falta de licitud, calidad, fiabilidad, utilidad, actualizaci\u00f3n y disponibilidad de los servicios prestados por terceros y puestos a tu disposici\u00f3n en el Portal.<\/li>\n<li>El incumplimiento por parte de terceros de sus obligaciones o compromisos en relaci\u00f3n con los servicios que te prestamos u ofrecemos a trav\u00e9s del Portal.<\/li>\n<li>Las opiniones que pudieras expresar en los foros, blogs, chat y mensajes de opini\u00f3n que pudieran habilitarse en las distintas zonas del Portal o en su caso, opiniones que puedan verterse por terceros ajenos a<\/li>\n<li>El conocimiento que puedan tener terceros no autorizados de la clase, condiciones, caracter\u00edsticas y circunstancias del uso que los usuarios hac\u00e9is del Portal sus Contenidos y\/o de los<\/li>\n<li>Las posibles discrepancias que, con car\u00e1cter transitorio, puedan surgir entre la versi\u00f3n de los Contenidos que imprimas y la versi\u00f3n electr\u00f3nica de los mismos publicados en nuestro<\/li>\n<\/ul>\n<p>&nbsp;<\/p>\n<h4>7. DURACI\u00d3N:<\/h4>\n<p>El Portal ser\u00e1 accesible con car\u00e1cter indefinido, si bien podremos interrumpir, suspender o terminar su prestaci\u00f3n por diferentes razones, a nuestro libre arbitrio y entre ellas por un uso inadecuado por tu parte o contrario en su caso a este Aviso Legal.<\/p>\n<p>&nbsp;<\/p>\n<h4>8. PROPIEDAD INTELECTUAL:<\/h4>\n<p>Todas las marcas, nombres comerciales o signos distintivos de cualquier clase que aparecen en el Portal (\u201cMarcas\u201d) son propiedad de Shiras Galer\u00eda<u>.com<\/u> o de terceros, sin que pueda entenderse que el uso o acceso al Portal y\/o a los Servicios te atribuyan derecho alguno sobre las citadas Marcas. Las Marcas est\u00e1n sujetas a la legislaci\u00f3n aplicable en materia de propiedad intelectual e industrial, quedando prohibida su reproducci\u00f3n o uso sin la autorizaci\u00f3n de su titular. Todos los Contenidos, incluido el propio Portal, son propiedad intelectual de Shiras Galer\u00eda<u>.com<\/u> o de terceros, por lo que en ning\u00fan caso se puede entender que en virtud de lo establecido en este Aviso Legal se te hayan cedido, ninguno de los derechos de explotaci\u00f3n que existen o puedan existir sobre los Contenidos m\u00e1s all\u00e1 de lo estrictamente necesario para el correcto uso del Portal y de los Servicios. En caso de que consideres que se ha producido una violaci\u00f3n de tus leg\u00edtimos derechos por la introducci\u00f3n de un determinado contenido en el Portal, deber\u00e1s notificar dicha circunstancia a Shiras Galer\u00eda<u>.com<\/u> indicando:<\/p>\n<p>&nbsp;<\/p>\n<ul>\n<li>Tus datos personales. Si la reclamaci\u00f3n la presenta un tercero distinto del interesado, deber\u00e1 indicar la representaci\u00f3n con la que act\u00faa.<\/li>\n<li>Indicaci\u00f3n de los Contenidos protegidos por los derechos de propiedad industrial o intelectual y su ubicaci\u00f3n en el Portal (indicando el enlace URL).<\/li>\n<li>Acreditaci\u00f3n de los citados derechos de propiedad industrial o<\/li>\n<li>Declaraci\u00f3n expresa en la que el interesado se responsabiliza de la veracidad de las informaciones facilitadas en la notificaci\u00f3n.<\/li>\n<\/ul>\n<p>&nbsp;<\/p>\n<p>Cualquier cita o referencia a derechos de propiedad intelectual o industrial de terceros incluida en el Portal, implica el reconocimiento por parte de Shiras Galer\u00eda<u>.com<\/u> de los correspondientes derechos de propiedad industrial e intelectual a favor de sus titulares. Su inclusi\u00f3n o referencia en el Portal no implica asimismo la existencia de ning\u00fan un patrocinio o recomendaci\u00f3n por parte de Shiras Galer\u00eda<u>.com<\/u> de las Marcas o Contenidos referidos. La legitimidad de los derechos de propiedad intelectual o industrial correspondientes a los Contenidos aportados por terceros es de la exclusiva responsabilidad de los mismos. Como \u00fanico titular de los derechos de propiedad intelectual del Portal, corresponde a Shiras Galer\u00eda<u>.com<\/u> el ejercicio exclusivo de los derechos derivados del mismo, y en consecuencia, es el \u00fanico que puede autorizar cualquier actividad derivada de los derechos de explotaci\u00f3n, y en particular, los derechos de reproducci\u00f3n, comunicaci\u00f3n p\u00fablica, distribuci\u00f3n, puesta a disposici\u00f3n del p\u00fablico o el derecho de transformaci\u00f3n, en cualquiera que sea el formato utilizado.<\/p>\n<p>&nbsp;<\/p>\n<h4>9. LEGISLACI\u00d3N APLICABLE Y JURISDICCI\u00d3N:<\/h4>\n<p>Las leyes de Espa\u00f1a se aplicar\u00e1n a cualquier litigio o conflicto que se derive de estas condiciones o del uso del Portal, sus Contenidos o sus Servicios, o que est\u00e9 relacionado con los mismos, sin que tengan efecto las disposiciones sobre conflictos de leyes que pudieran ser de aplicaci\u00f3n. Tanto Shiras Galer\u00eda<u>.com<\/u> como t\u00fa acept\u00e1is someteros a la jurisdicci\u00f3n exclusiva de los tribunales del domicilio de Shiras Galer\u00eda<u>.com<\/u>, siempre que se encuentre en Espa\u00f1a, para solucionar las reclamaciones derivadas de estas Condiciones Generales, cualquiera de las Condiciones Particulares de los Servicios o relacionadas con los mismos.[\/vc_column_text][\/vc_column][\/vc_row]<\/p>\n","protected":false},"excerpt":{"rendered":"<p>[vc_row el_class=\u00bbavisolegal\u00bb][vc_column][vc_column_text] Informaci\u00f3n general Gracias por visitar nuestra web. Esperamos que disfrutes navegando por ella y conociendo el detalle de nuestros productos y servicios. Este aviso legal (en adelante, el \u00abAviso Legal\u00bb) regula el uso de nuestro portal de Internet (en adelante, el \u00abPortal\u00bb). Te recomendamos que leas atentamente las presentes condiciones antes de que [&hellip;]<\/p>\n","protected":false},"author":2,"featured_media":0,"parent":0,"menu_order":0,"comment_status":"closed","ping_status":"closed","template":"","meta":{"_acf_changed":false,"footnotes":""},"class_list":["post-1554","page","type-page","status-publish","hentry"],"acf":[],"_links":{"self":[{"href":"https:\/\/www.shirasgaleria.es\/tienda\/wp-json\/wp\/v2\/pages\/1554","targetHints":{"allow":["GET"]}}],"collection":[{"href":"https:\/\/www.shirasgaleria.es\/tienda\/wp-json\/wp\/v2\/pages"}],"about":[{"href":"https:\/\/www.shirasgaleria.es\/tienda\/wp-json\/wp\/v2\/types\/page"}],"author":[{"embeddable":true,"href":"https:\/\/www.shirasgaleria.es\/tienda\/wp-json\/wp\/v2\/users\/2"}],"replies":[{"embeddable":true,"href":"https:\/\/www.shirasgaleria.es\/tienda\/wp-json\/wp\/v2\/comments?post=1554"}],"version-history":[{"count":3,"href":"https:\/\/www.shirasgaleria.es\/tienda\/wp-json\/wp\/v2\/pages\/1554\/revisions"}],"predecessor-version":[{"id":1557,"href":"https:\/\/www.shirasgaleria.es\/tienda\/wp-json\/wp\/v2\/pages\/1554\/revisions\/1557"}],"wp:attachment":[{"href":"https:\/\/www.shirasgaleria.es\/tienda\/wp-json\/wp\/v2\/media?parent=1554"}],"curies":[{"name":"wp","href":"https:\/\/api.w.org\/{rel}","templated":true}]}}